{"id":328,"date":"2022-05-10T14:30:53","date_gmt":"2022-05-10T14:30:53","guid":{"rendered":"https:\/\/eurolab.mk\/?page_id=328"},"modified":"2024-12-24T12:54:01","modified_gmt":"2024-12-24T12:54:01","slug":"mapo-city","status":"publish","type":"page","link":"https:\/\/eurolab.mk\/en\/mapo-city\/","title":{"rendered":"Mapo City"},"content":{"rendered":"<div class=\"wp-block-group\"><div class=\"wp-block-group__inner-container is-layout-constrained wp-block-group-is-layout-constrained\">\r\n<div class=\"wp-block-columns is-layout-flex wp-container-core-columns-is-layout-9d6595d7 wp-block-columns-is-layout-flex\">\r\n<div class=\"wp-block-column is-layout-flow wp-block-column-is-layout-flow\" style=\"flex-basis:100%\">\r\n<div class=\"wp-block-columns is-layout-flex wp-container-core-columns-is-layout-9d6595d7 wp-block-columns-is-layout-flex\">\r\n<div class=\"wp-block-column is-layout-flow wp-block-column-is-layout-flow\"><\/div>\r\n<\/div>\r\n<\/div>\r\n<\/div>\r\n<\/div><\/div>\r\n\r\n\r\n<section class=\"eshop-page\">\n    <div class=\"container\">\n        <div class=\"row\">\n            <div class=\"col-lg-7\">\n                <div class=\"eshop-page-div-block\">\n                    <h3>Mapo City SHOP <\/h3>\n                    <p>Mapo City Albania \u00ebsht\u00eb dyqani yn\u00eb online dhe destinacioni i brandeve premium t\u00eb mir\u00ebnjohura globalisht, t\u00eb cilat mund ti aksesoni online n\u00eb adres\u00ebn ton\u00eb elektronike.<br \/>\nN\u00eb k\u00ebt\u00eb hap\u00ebsir\u00eb t\u00eb dedikuar blerjeve online do t\u00eb gjeni kategorit\u00eb si alkoolike, birra, soft drinks, ushqimore, kafe dhe s\u00eb fundmi edhe kategorin\u00eb beauty me brandet si CND dhe Revlon.<\/p>\n<p>Po ashtu na gjeni edhe fiziksht n\u00eb MAPO C&amp;C, i cili p\u00ebrfaq\u00ebson modelin e par\u00eb t\u00eb shitjes Cash &amp; Carry n\u00eb Shqip\u00ebri. Nj\u00eb risi n\u00eb tregun shqiptar dhe nj\u00eb ambjent ku mund t\u00eb blini fizikisht markat tuaja t\u00eb preferuara. Si nj\u00eb nga pikat e shumta t\u00eb kontaktit me bizneset e konsumator\u00ebt Mapo C&amp;C i ofron tregut kategorit\u00eb m\u00eb t\u00eb r\u00ebnd\u00ebsishme t\u00eb konsumit n\u00ebn emrat e markave te mir\u00ebnjohura dhe \u00e7mime konkurruese. Mapo Cash&amp;Carry u sh\u00ebrben me shumic\u00eb t\u00eb gjith\u00eb klient\u00ebve, q\u00eb disponojn\u00eb nj\u00eb num\u00ebr NIPT dhe me pakic\u00eb konsumator\u00ebve, q\u00eb deshirojn\u00eb t\u00eb p\u00ebrfitojn\u00eb nga asortimenti jon\u00eb ekskluziv.<\/p>\n<p>Tani mund te blini Kudo dhe Kurdo!<\/p>\n                    <div class=\"social-media-eshop\">\n                         <a href=\"https:\/\/www.facebook.com\/EurolabInternacionalGrup\" target=\"_blank\"><img decoding=\"async\" src=\"https:\/\/eurolab.mk\/wp-content\/themes\/eurolab\/assets\/images\/fb-r.png\"><\/a>\n                            <a href=\"https:\/\/www.instagram.com\/mapocashcarry\/\" target=\"_blank\"><img decoding=\"async\" src=\"https:\/\/eurolab.mk\/wp-content\/themes\/eurolab\/assets\/images\/in-r.png\"><\/a>\n                    <\/div>\n                    <a href=\"https:\/\/mapo.eurolab.com.al\/\" target=\"_blank\">Mapocity Online <\/a>\n                <\/div>\n            <\/div>\n            <div class=\"col-lg-5\">\n                <div class=\"eshop-page-block\">\n                    <img decoding=\"async\" src=\"https:\/\/eurolab.mk\/wp-content\/uploads\/2023\/08\/Picture2.jpg\">\n                <\/div>\n            <\/div>\n        <\/div>\n    <\/div>\n<\/section>\r\n\r\n\r\n<h3 class=\"wp-block-heading has-text-align-center\">RRETH MAPO CITY<\/h3>\r\n\r\n\r\n\r\n<p class=\"has-text-align-center\">Mapo City \u00ebsht\u00eb vendi ideal p\u00ebr t\u00eb shijuar eksperienc\u00ebn e markave premium t\u00eb alkooleve, ver\u00ebrave dhe kafes\u00eb. Dyqani i Mapo City u hap n\u00eb Maqedoni n\u00eb vitin 2021 dhe gjendet n\u00eb qendr\u00ebn tregtare Skopje East Gate. Mapo City m\u00eb i ri \u00ebsht\u00eb edhe ne Podgoric\u00eb (Capital Plaza), Mali i Zi.<\/p>\r\n\r\n\r\n\r\n<p class=\"has-text-align-center has-text-color\" style=\"color:#b80000\"><strong>Mapo City m\u00eb e re \u00ebsht\u00eb n\u00eb Podgoric\u00eb, Mali i Zi<\/strong><\/p>","protected":false},"excerpt":{"rendered":"<p>RRETH MAPO CITY Mapo City \u00ebsht\u00eb vendi ideal p\u00ebr t\u00eb shijuar eksperienc\u00ebn e markave premium t\u00eb alkooleve, ver\u00ebrave dhe kafes\u00eb. Dyqani i Mapo City u hap n\u00eb Maqedoni n\u00eb vitin 2021 dhe gjendet n\u00eb qendr\u00ebn tregtare Skopje East Gate. Mapo City m\u00eb i ri \u00ebsht\u00eb edhe ne Podgoric\u00eb (Capital Plaza), Mali i Zi. Mapo City [&hellip;]<\/p>\n","protected":false},"author":1,"featured_media":358,"parent":0,"menu_order":0,"comment_status":"closed","ping_status":"closed","template":"mapo-city.php","meta":{"_acf_changed":false,"footnotes":""},"class_list":["post-328","page","type-page","status-publish","has-post-thumbnail","hentry"],"acf":[],"_links":{"self":[{"href":"https:\/\/eurolab.mk\/en\/wp-json\/wp\/v2\/pages\/328","targetHints":{"allow":["GET"]}}],"collection":[{"href":"https:\/\/eurolab.mk\/en\/wp-json\/wp\/v2\/pages"}],"about":[{"href":"https:\/\/eurolab.mk\/en\/wp-json\/wp\/v2\/types\/page"}],"author":[{"embeddable":true,"href":"https:\/\/eurolab.mk\/en\/wp-json\/wp\/v2\/users\/1"}],"replies":[{"embeddable":true,"href":"https:\/\/eurolab.mk\/en\/wp-json\/wp\/v2\/comments?post=328"}],"version-history":[{"count":4,"href":"https:\/\/eurolab.mk\/en\/wp-json\/wp\/v2\/pages\/328\/revisions"}],"predecessor-version":[{"id":1590,"href":"https:\/\/eurolab.mk\/en\/wp-json\/wp\/v2\/pages\/328\/revisions\/1590"}],"wp:featuredmedia":[{"embeddable":true,"href":"https:\/\/eurolab.mk\/en\/wp-json\/wp\/v2\/media\/358"}],"wp:attachment":[{"href":"https:\/\/eurolab.mk\/en\/wp-json\/wp\/v2\/media?parent=328"}],"curies":[{"name":"wp","href":"https:\/\/api.w.org\/{rel}","templated":true}]}}